{"id":844,"date":"2020-09-09T13:35:49","date_gmt":"2020-09-09T13:35:49","guid":{"rendered":"http:\/\/brindacm.com\/?page_id=844"},"modified":"2020-09-28T14:11:39","modified_gmt":"2020-09-28T14:11:39","slug":"home","status":"publish","type":"page","link":"https:\/\/brindacm.com\/en\/","title":{"rendered":"Home"},"content":{"rendered":"<div      class=\"vc_row wpb_row section vc_row-fluid  vc_custom_1601302298007\" style=' text-align:left;'><div class=\"full_section_inner clearfix\"><div class=\"wpb_column vc_column_container vc_col-sm-12\"><div class=\"vc_column-inner\"><div class=\"wpb_wrapper\"><div class=\"wpb_layerslider_element wpb_content_element\"><script type=\"text\/javascript\">jQuery(function() { _initLayerSlider( '#layerslider_2_18jd91ofcwwyw', {sliderVersion: '6.11.1', type: 'fullwidth', responsiveUnder: 0, layersContainer: 0, slideBGSize: 'auto', hideUnder: 0, hideOver: 100000, skin: 'v5', showCircleTimer: false, skinsPath: 'https:\/\/brindacm.com\/wp-content\/plugins\/LayerSlider\/assets\/static\/layerslider\/skins\/'}); });<\/script><div id=\"layerslider_2_18jd91ofcwwyw\" class=\"ls-wp-container fitvidsignore\" style=\"width:1000px;height:800px;margin:0 auto;margin-bottom: 0px;\"><div class=\"ls-slide\" data-ls=\"duration:4000;transition2d:5;kenburnsscale:1.2;\"><img loading=\"lazy\" decoding=\"async\" width=\"1920\" height=\"1081\" src=\"https:\/\/brindacm.com\/wp-content\/uploads\/2019\/10\/Diapositiva2.jpeg\" class=\"ls-bg\" alt=\"\" srcset=\"https:\/\/brindacm.com\/wp-content\/uploads\/2019\/10\/Diapositiva2.jpeg 1920w, https:\/\/brindacm.com\/wp-content\/uploads\/2019\/10\/Diapositiva2-300x169.jpeg 300w, https:\/\/brindacm.com\/wp-content\/uploads\/2019\/10\/Diapositiva2-768x432.jpeg 768w, https:\/\/brindacm.com\/wp-content\/uploads\/2019\/10\/Diapositiva2-1024x577.jpeg 1024w, https:\/\/brindacm.com\/wp-content\/uploads\/2019\/10\/Diapositiva2-700x394.jpeg 700w, https:\/\/brindacm.com\/wp-content\/uploads\/2019\/10\/Diapositiva2-539x303.jpeg 539w\" sizes=\"auto, (max-width: 1920px) 100vw, 1920px\" \/><\/div><div class=\"ls-slide\" data-ls=\"duration:4000;transition2d:5;kenburnsscale:1.2;\"><img loading=\"lazy\" decoding=\"async\" width=\"1920\" height=\"1081\" src=\"https:\/\/brindacm.com\/wp-content\/uploads\/2019\/10\/Diapositiva3.jpeg\" class=\"ls-bg\" alt=\"\" srcset=\"https:\/\/brindacm.com\/wp-content\/uploads\/2019\/10\/Diapositiva3.jpeg 1920w, https:\/\/brindacm.com\/wp-content\/uploads\/2019\/10\/Diapositiva3-300x169.jpeg 300w, https:\/\/brindacm.com\/wp-content\/uploads\/2019\/10\/Diapositiva3-768x432.jpeg 768w, https:\/\/brindacm.com\/wp-content\/uploads\/2019\/10\/Diapositiva3-1024x577.jpeg 1024w, https:\/\/brindacm.com\/wp-content\/uploads\/2019\/10\/Diapositiva3-700x394.jpeg 700w, https:\/\/brindacm.com\/wp-content\/uploads\/2019\/10\/Diapositiva3-539x303.jpeg 539w\" sizes=\"auto, (max-width: 1920px) 100vw, 1920px\" \/><\/div><div class=\"ls-slide\" data-ls=\"duration:4000;transition2d:5;kenburnsscale:1.2;\"><img loading=\"lazy\" decoding=\"async\" width=\"1920\" height=\"1081\" src=\"https:\/\/brindacm.com\/wp-content\/uploads\/2019\/10\/Diapositiva4.jpeg\" class=\"ls-bg\" alt=\"\" srcset=\"https:\/\/brindacm.com\/wp-content\/uploads\/2019\/10\/Diapositiva4.jpeg 1920w, https:\/\/brindacm.com\/wp-content\/uploads\/2019\/10\/Diapositiva4-300x169.jpeg 300w, https:\/\/brindacm.com\/wp-content\/uploads\/2019\/10\/Diapositiva4-768x432.jpeg 768w, https:\/\/brindacm.com\/wp-content\/uploads\/2019\/10\/Diapositiva4-1024x577.jpeg 1024w, https:\/\/brindacm.com\/wp-content\/uploads\/2019\/10\/Diapositiva4-700x394.jpeg 700w, https:\/\/brindacm.com\/wp-content\/uploads\/2019\/10\/Diapositiva4-539x303.jpeg 539w\" sizes=\"auto, (max-width: 1920px) 100vw, 1920px\" \/><\/div><div class=\"ls-slide\" data-ls=\"duration:4000;transition2d:5;kenburnsscale:1.2;\"><img loading=\"lazy\" decoding=\"async\" width=\"1920\" height=\"1081\" src=\"https:\/\/brindacm.com\/wp-content\/uploads\/2019\/10\/Diapositiva5.jpeg\" class=\"ls-bg\" alt=\"\" srcset=\"https:\/\/brindacm.com\/wp-content\/uploads\/2019\/10\/Diapositiva5.jpeg 1920w, https:\/\/brindacm.com\/wp-content\/uploads\/2019\/10\/Diapositiva5-300x169.jpeg 300w, https:\/\/brindacm.com\/wp-content\/uploads\/2019\/10\/Diapositiva5-768x432.jpeg 768w, https:\/\/brindacm.com\/wp-content\/uploads\/2019\/10\/Diapositiva5-1024x577.jpeg 1024w, https:\/\/brindacm.com\/wp-content\/uploads\/2019\/10\/Diapositiva5-700x394.jpeg 700w, https:\/\/brindacm.com\/wp-content\/uploads\/2019\/10\/Diapositiva5-539x303.jpeg 539w\" sizes=\"auto, (max-width: 1920px) 100vw, 1920px\" \/><\/div><div class=\"ls-slide\" data-ls=\"duration:4000;transition2d:5;\"><img loading=\"lazy\" decoding=\"async\" width=\"1920\" height=\"1081\" src=\"https:\/\/brindacm.com\/wp-content\/uploads\/2019\/10\/Diapositiva6.jpeg\" class=\"ls-bg\" alt=\"\" srcset=\"https:\/\/brindacm.com\/wp-content\/uploads\/2019\/10\/Diapositiva6.jpeg 1920w, https:\/\/brindacm.com\/wp-content\/uploads\/2019\/10\/Diapositiva6-300x169.jpeg 300w, https:\/\/brindacm.com\/wp-content\/uploads\/2019\/10\/Diapositiva6-768x432.jpeg 768w, https:\/\/brindacm.com\/wp-content\/uploads\/2019\/10\/Diapositiva6-1024x577.jpeg 1024w, https:\/\/brindacm.com\/wp-content\/uploads\/2019\/10\/Diapositiva6-700x394.jpeg 700w, https:\/\/brindacm.com\/wp-content\/uploads\/2019\/10\/Diapositiva6-539x303.jpeg 539w\" sizes=\"auto, (max-width: 1920px) 100vw, 1920px\" \/><\/div><div class=\"ls-slide\" data-ls=\"duration:4000;transition2d:5;kenburnsscale:1.2;\"><img loading=\"lazy\" decoding=\"async\" width=\"1920\" height=\"1081\" src=\"https:\/\/brindacm.com\/wp-content\/uploads\/2019\/10\/Diapositiva7.jpeg\" class=\"ls-bg\" alt=\"\" srcset=\"https:\/\/brindacm.com\/wp-content\/uploads\/2019\/10\/Diapositiva7.jpeg 1920w, https:\/\/brindacm.com\/wp-content\/uploads\/2019\/10\/Diapositiva7-300x169.jpeg 300w, https:\/\/brindacm.com\/wp-content\/uploads\/2019\/10\/Diapositiva7-768x432.jpeg 768w, https:\/\/brindacm.com\/wp-content\/uploads\/2019\/10\/Diapositiva7-1024x577.jpeg 1024w, https:\/\/brindacm.com\/wp-content\/uploads\/2019\/10\/Diapositiva7-700x394.jpeg 700w, https:\/\/brindacm.com\/wp-content\/uploads\/2019\/10\/Diapositiva7-539x303.jpeg 539w\" sizes=\"auto, (max-width: 1920px) 100vw, 1920px\" \/><\/div><div class=\"ls-slide\" data-ls=\"transition2d:5;kenburnsscale:1.2;\"><img loading=\"lazy\" decoding=\"async\" width=\"1920\" height=\"1081\" src=\"https:\/\/brindacm.com\/wp-content\/uploads\/2020\/10\/ESTUDIOS.jpg\" class=\"ls-bg\" alt=\"\" srcset=\"https:\/\/brindacm.com\/wp-content\/uploads\/2020\/10\/ESTUDIOS.jpg 1920w, https:\/\/brindacm.com\/wp-content\/uploads\/2020\/10\/ESTUDIOS-300x169.jpg 300w, https:\/\/brindacm.com\/wp-content\/uploads\/2020\/10\/ESTUDIOS-1024x577.jpg 1024w, https:\/\/brindacm.com\/wp-content\/uploads\/2020\/10\/ESTUDIOS-768x432.jpg 768w, https:\/\/brindacm.com\/wp-content\/uploads\/2020\/10\/ESTUDIOS-1536x865.jpg 1536w, https:\/\/brindacm.com\/wp-content\/uploads\/2020\/10\/ESTUDIOS-700x394.jpg 700w, https:\/\/brindacm.com\/wp-content\/uploads\/2020\/10\/ESTUDIOS-539x303.jpg 539w\" sizes=\"auto, (max-width: 1920px) 100vw, 1920px\" \/><\/div><div class=\"ls-slide\" data-ls=\"transition2d:5;kenburnsscale:1.2;\"><img loading=\"lazy\" decoding=\"async\" width=\"1920\" height=\"1080\" src=\"https:\/\/brindacm.com\/wp-content\/uploads\/2020\/10\/FORMACION.jpg\" class=\"ls-bg\" alt=\"\" srcset=\"https:\/\/brindacm.com\/wp-content\/uploads\/2020\/10\/FORMACION.jpg 1920w, https:\/\/brindacm.com\/wp-content\/uploads\/2020\/10\/FORMACION-300x169.jpg 300w, https:\/\/brindacm.com\/wp-content\/uploads\/2020\/10\/FORMACION-1024x576.jpg 1024w, https:\/\/brindacm.com\/wp-content\/uploads\/2020\/10\/FORMACION-768x432.jpg 768w, https:\/\/brindacm.com\/wp-content\/uploads\/2020\/10\/FORMACION-1536x864.jpg 1536w, https:\/\/brindacm.com\/wp-content\/uploads\/2020\/10\/FORMACION-700x394.jpg 700w, https:\/\/brindacm.com\/wp-content\/uploads\/2020\/10\/FORMACION-539x303.jpg 539w\" sizes=\"auto, (max-width: 1920px) 100vw, 1920px\" \/><\/div><div class=\"ls-slide\" data-ls=\"transition2d:5;kenburnsscale:1.2;\"><img loading=\"lazy\" decoding=\"async\" width=\"1920\" height=\"1081\" src=\"https:\/\/brindacm.com\/wp-content\/uploads\/2020\/10\/PANELEXPERTOS.jpg\" class=\"ls-bg\" alt=\"\" srcset=\"https:\/\/brindacm.com\/wp-content\/uploads\/2020\/10\/PANELEXPERTOS.jpg 1920w, https:\/\/brindacm.com\/wp-content\/uploads\/2020\/10\/PANELEXPERTOS-300x169.jpg 300w, https:\/\/brindacm.com\/wp-content\/uploads\/2020\/10\/PANELEXPERTOS-1024x577.jpg 1024w, https:\/\/brindacm.com\/wp-content\/uploads\/2020\/10\/PANELEXPERTOS-768x432.jpg 768w, https:\/\/brindacm.com\/wp-content\/uploads\/2020\/10\/PANELEXPERTOS-1536x865.jpg 1536w, https:\/\/brindacm.com\/wp-content\/uploads\/2020\/10\/PANELEXPERTOS-700x394.jpg 700w, https:\/\/brindacm.com\/wp-content\/uploads\/2020\/10\/PANELEXPERTOS-539x303.jpg 539w\" sizes=\"auto, (max-width: 1920px) 100vw, 1920px\" \/><\/div><div class=\"ls-slide\" data-ls=\"transition2d:5;kenburnsscale:1.2;\"><img loading=\"lazy\" decoding=\"async\" width=\"1920\" height=\"1081\" src=\"https:\/\/brindacm.com\/wp-content\/uploads\/2020\/10\/REDACCIONCIENTIFICA.jpg\" class=\"ls-bg\" alt=\"\" srcset=\"https:\/\/brindacm.com\/wp-content\/uploads\/2020\/10\/REDACCIONCIENTIFICA.jpg 1920w, https:\/\/brindacm.com\/wp-content\/uploads\/2020\/10\/REDACCIONCIENTIFICA-300x169.jpg 300w, https:\/\/brindacm.com\/wp-content\/uploads\/2020\/10\/REDACCIONCIENTIFICA-1024x577.jpg 1024w, https:\/\/brindacm.com\/wp-content\/uploads\/2020\/10\/REDACCIONCIENTIFICA-768x432.jpg 768w, https:\/\/brindacm.com\/wp-content\/uploads\/2020\/10\/REDACCIONCIENTIFICA-1536x865.jpg 1536w, https:\/\/brindacm.com\/wp-content\/uploads\/2020\/10\/REDACCIONCIENTIFICA-700x394.jpg 700w, https:\/\/brindacm.com\/wp-content\/uploads\/2020\/10\/REDACCIONCIENTIFICA-539x303.jpg 539w\" sizes=\"auto, (max-width: 1920px) 100vw, 1920px\" \/><\/div><\/div><\/div><\/div><\/div><\/div><\/div><\/div><div      class=\"vc_row wpb_row section vc_row-fluid  vc_custom_1538042709430 grid_section\" style=' text-align:left;'><div class=\"section_inner clearfix\"><div class='section_inner_margin clearfix'><div class=\"wpb_column vc_column_container vc_col-sm-12\"><div class=\"vc_column-inner\"><div class=\"wpb_wrapper\">\n\t<div class=\"wpb_single_image wpb_content_element vc_align_center  element_from_fade\">\n\t\t<div class=\"wpb_wrapper\">\n\t\t\t\n\t\t\t<div class=\"vc_single_image-wrapper   vc_box_border_grey\"><img loading=\"lazy\" decoding=\"async\" width=\"300\" height=\"155\" src=\"https:\/\/brindacm.com\/wp-content\/uploads\/2020\/09\/brinda15an\u0303os.png\" class=\"vc_single_image-img attachment-full\" alt=\"\" \/><\/div>\n\t\t<\/div>\n\t<\/div>\n\n\t<div class=\"wpb_text_column wpb_content_element\">\n\t\t<div class=\"wpb_wrapper\">\n\t\t\t<div class=\"et_pb_text et_pb_module et_pb_bg_layout_light et_pb_text_align_center et_pb_text_0\">\n<div class=\"et_pb_text_inner\">\n<p style=\"text-align: center;\"><span style=\"color: #a1c038;\"><strong>Brinda Comunicaci\u00f3n y Marketing<\/strong><\/span> is a Communication, Marketing and Sales consulting agency. <span style=\"color: #0099d2;\"><strong>Brinda HealthCare<\/strong><\/span> is our Medical &amp; Health specialized division. We have been working side by side for 15 years with the Pharmaceutical Industry, Scientific, Patients and Professional Associations...<\/p>\n<\/div>\n<\/div>\n\n\t\t<\/div> \n\t<\/div> <\/div><\/div><\/div><\/div><\/div><\/div><div id=\"areas\"     class=\"vc_row wpb_row section vc_row-fluid  vc_custom_1601299519677 full_screen_section\" style=' text-align:left;'><div class=\"full_section_inner clearfix\"><div class=\"wpb_column vc_column_container vc_col-sm-12\"><div class=\"vc_column-inner\"><div class=\"wpb_wrapper\"><div      class=\"vc_row wpb_row section vc_row-fluid vc_inner\" style=' text-align:center;'><div class=\"full_section_inner clearfix\"><div class=\"wpb_column vc_column_container vc_col-sm-12\"><div class=\"vc_column-inner\"><div class=\"wpb_wrapper\">\n\t<div class=\"wpb_single_image wpb_content_element vc_align_center  element_from_fade\">\n\t\t<div class=\"wpb_wrapper\">\n\t\t\t\n\t\t\t<div class=\"vc_single_image-wrapper   vc_box_border_grey\"><img loading=\"lazy\" decoding=\"async\" width=\"1500\" height=\"832\" src=\"https:\/\/brindacm.com\/wp-content\/uploads\/2020\/09\/INFOGRAFIA-WEB-ingles-1.png\" class=\"vc_single_image-img attachment-full\" alt=\"\" srcset=\"https:\/\/brindacm.com\/wp-content\/uploads\/2020\/09\/INFOGRAFIA-WEB-ingles-1.png 1500w, https:\/\/brindacm.com\/wp-content\/uploads\/2020\/09\/INFOGRAFIA-WEB-ingles-1-300x166.png 300w, https:\/\/brindacm.com\/wp-content\/uploads\/2020\/09\/INFOGRAFIA-WEB-ingles-1-1024x568.png 1024w, https:\/\/brindacm.com\/wp-content\/uploads\/2020\/09\/INFOGRAFIA-WEB-ingles-1-768x426.png 768w, https:\/\/brindacm.com\/wp-content\/uploads\/2020\/09\/INFOGRAFIA-WEB-ingles-1-700x388.png 700w\" sizes=\"auto, (max-width: 1500px) 100vw, 1500px\" \/><\/div>\n\t\t<\/div>\n\t<\/div>\n<a  itemprop=\"url\" href=\"portfolio\" target=\"_self\"  class=\"qbutton  large default\" style=\"\">VIEW MORE IN PORTFOLIO<i class=\"qode_icon_font_awesome fa fa-folder-open qode_button_icon_element\" style=\"\" ><\/i><\/a><\/div><\/div><\/div><\/div><\/div><\/div><\/div><\/div><\/div><\/div><div      class=\"vc_row wpb_row section vc_row-fluid  vc_custom_1538049224432\" style=' text-align:left;'><div class=\"full_section_inner clearfix\"><div class=\"wpb_column vc_column_container vc_col-sm-12\"><div class=\"vc_column-inner\"><div class=\"wpb_wrapper\"><div      class=\"vc_row wpb_row section vc_row-fluid vc_inner\" style=' text-align:left;'><div class=\"full_section_inner clearfix\"><div class=\"wpb_column vc_column_container vc_col-sm-6\"><div class=\"vc_column-inner\"><div class=\"wpb_wrapper\">\n\t<div class=\"wpb_single_image wpb_content_element vc_align_center\">\n\t\t<div class=\"wpb_wrapper\">\n\t\t\t\n\t\t\t<div class=\"vc_single_image-wrapper   vc_box_border_grey\"><img loading=\"lazy\" decoding=\"async\" width=\"2500\" height=\"1559\" src=\"https:\/\/brindacm.com\/wp-content\/uploads\/2018\/09\/adult-advice-american-1050297.jpg\" class=\"vc_single_image-img attachment-full\" alt=\"\" srcset=\"https:\/\/brindacm.com\/wp-content\/uploads\/2018\/09\/adult-advice-american-1050297.jpg 2500w, https:\/\/brindacm.com\/wp-content\/uploads\/2018\/09\/adult-advice-american-1050297-300x187.jpg 300w, https:\/\/brindacm.com\/wp-content\/uploads\/2018\/09\/adult-advice-american-1050297-768x479.jpg 768w, https:\/\/brindacm.com\/wp-content\/uploads\/2018\/09\/adult-advice-american-1050297-1024x639.jpg 1024w, https:\/\/brindacm.com\/wp-content\/uploads\/2018\/09\/adult-advice-american-1050297-700x437.jpg 700w\" sizes=\"auto, (max-width: 2500px) 100vw, 2500px\" \/><\/div>\n\t\t<\/div>\n\t<\/div>\n<\/div><\/div><\/div><div class=\"wpb_column vc_column_container vc_col-sm-6\"><div class=\"vc_column-inner vc_custom_1538043602187\"><div class=\"wpb_wrapper\">\t<div class=\"vc_empty_space\"  style=\"height: 120px\" ><span\n\t\t\tclass=\"vc_empty_space_inner\">\n\t\t\t<span class=\"empty_space_image\"  ><\/span>\n\t\t<\/span><\/div>\n\n\n\t<div class=\"wpb_text_column wpb_content_element\">\n\t\t<div class=\"wpb_wrapper\">\n\t\t\t<h1 style=\"text-align: center;\">STAFF<\/h1>\n\n\t\t<\/div> \n\t<\/div> <div class=\"separator  small center\" style=\"background-color: #c40099;height: 3px;\"><\/div>\n\n\t<div class=\"wpb_text_column wpb_content_element\">\n\t\t<div class=\"wpb_wrapper\">\n\t\t\t<p style=\"text-align: center;\">We are a <strong>multidisciplinar team<\/strong> with an excellence and creative spirit, fully dedicated to bring you solutions to all your marketing and communication needs.<\/p>\n<p style=\"text-align: center;\">We are specialized in the healthcare sector, and all our contents and formats are based in scientific rigor and innovation. 15 years at your service.<\/p>\n\n\t\t<\/div> \n\t<\/div> <\/div><\/div><\/div><\/div><\/div><\/div><\/div><\/div><\/div><\/div><div   data-q_id=\"#contacto\"    class=\"vc_row wpb_row section vc_row-fluid  white-text vc_custom_1550156266766\" style=' text-align:left;'><div class=\"full_section_inner clearfix\"><div class=\"wpb_column vc_column_container vc_col-sm-12\"><div class=\"vc_column-inner\"><div class=\"wpb_wrapper\"><div      class=\"vc_row wpb_row section vc_row-fluid vc_inner  vc_custom_1550145993935 grid_section\" style=' text-align:left;'><div class=\"section_inner clearfix\"><div class='section_inner_margin clearfix'><div class=\"wpb_column vc_column_container vc_col-sm-12\"><div class=\"vc_column-inner\"><div class=\"wpb_wrapper\">\n\t<div class=\"wpb_text_column wpb_content_element\">\n\t\t<div class=\"wpb_wrapper\">\n\t\t\t<h1 style=\"text-align: center; font-size: 2em;\">CONTACT US<\/h1>\n<p style=\"text-align: center;\">Fill up the contact form and we will get back to you soon<\/p>\n\n\t\t<\/div> \n\t<\/div> <\/div><\/div><\/div><\/div><\/div><\/div><div id=\"topindex\"     class=\"vc_row wpb_row section vc_row-fluid vc_inner  custom-select grid_section\" style=' text-align:left;'><div class=\"section_inner clearfix\"><div class='section_inner_margin clearfix'><div class=\"wpb_column vc_column_container vc_col-sm-12\"><div class=\"vc_column-inner\"><div class=\"wpb_wrapper\">\n<div class=\"wpcf7 no-js\" id=\"wpcf7-f53-o1\" lang=\"es-ES\" dir=\"ltr\" data-wpcf7-id=\"53\">\n<div class=\"screen-reader-response\"><p role=\"status\" aria-live=\"polite\" aria-atomic=\"true\"><\/p> <ul><\/ul><\/div>\n<form action=\"\/en\/wp-json\/wp\/v2\/pages\/844#wpcf7-f53-o1\" method=\"post\" class=\"wpcf7-form init cf7_custom_style_3\" aria-label=\"Formulario de contacto\" novalidate=\"novalidate\" data-status=\"init\" data-trp-original-action=\"\/en\/wp-json\/wp\/v2\/pages\/844#wpcf7-f53-o1\">\n<fieldset class=\"hidden-fields-container\"><input type=\"hidden\" name=\"_wpcf7\" value=\"53\" \/><input type=\"hidden\" name=\"_wpcf7_version\" value=\"6.1.5\" \/><input type=\"hidden\" name=\"_wpcf7_locale\" value=\"es_ES\" \/><input type=\"hidden\" name=\"_wpcf7_unit_tag\" value=\"wpcf7-f53-o1\" \/><input type=\"hidden\" name=\"_wpcf7_container_post\" value=\"0\" \/><input type=\"hidden\" name=\"_wpcf7_posted_data_hash\" value=\"\" \/><input type=\"hidden\" name=\"_wpcf7_recaptcha_response\" value=\"\" \/>\n<\/fieldset>\n<p><label> Your name (required)<br \/>\n<span class=\"wpcf7-form-control-wrap\" data-name=\"your-name\"><input size=\"40\" maxlength=\"400\" class=\"wpcf7-form-control wpcf7-text wpcf7-validates-as-required\" aria-required=\"true\" aria-invalid=\"false\" value=\"\" type=\"text\" name=\"your-name\" \/><\/span> <\/label>\n<\/p>\n<p><label> Your e-mail (required)<br \/>\n<span class=\"wpcf7-form-control-wrap\" data-name=\"your-email\"><input size=\"40\" maxlength=\"400\" class=\"wpcf7-form-control wpcf7-email wpcf7-validates-as-required wpcf7-text wpcf7-validates-as-email\" aria-required=\"true\" aria-invalid=\"false\" value=\"\" type=\"email\" name=\"your-email\" \/><\/span> <\/label>\n<\/p>\n<p><label> I am interested in (select an option from the dropdown menu): <\/label><br \/>\n<span class=\"wpcf7-form-control-wrap\" data-name=\"menu-219\"><select class=\"wpcf7-form-control wpcf7-select wpcf7-validates-as-required\" aria-required=\"true\" aria-invalid=\"false\" name=\"menu-219\"><option value=\"\u2022 Marketing Digital: Dise\u00f1o y programaci\u00f3n de webs, Cursos On-Line, E-Commerce, Dise\u00f1o y programaci\u00f3n de Landing Pages, Newsletters, Email Marketing, Gamificaci\u00f3n, Retransmisiones Streaming, WebTV...\">Digital Marketing: Design and development of websites, Online courses, E-commerce, Design of landing pages, Newsletters, Email Marketing, Gamification, Streaming, WebTV...<\/option><option value=\"\u2022 Creatividad y Direcci\u00f3n de Arte: Dise\u00f1o de campa\u00f1as de lanzamiento, C\u00f3mic, Novela Gr\u00e1fica, Modelado 3D, Ilustraci\u00f3n e infograf\u00edas...\">Creativity and Art Direction: Launch campaign design, comic, graphic novel, 3D modeling, illustration and infography...<\/option><option value=\"\u2022 Comunicaci\u00f3n Audiovisual: Producci\u00f3n audiovisual especializada, Reportajes, V\u00eddeos Corporativos, V\u00eddeos Formativos, Streaming, Spots...\">Audiovisual Communication: Specialized audiovisual production, reportages, corporate videos, learning videos, streaming, spots...<\/option><option value=\"\u2022 Departamento M\u00e9dico Editorial: Redacci\u00f3n m\u00e9dica y comunicaci\u00f3n cient\u00edfica, Coberturas digitales e impresas, Contenidos para Cursos On-Line, Casos Cl\u00ednicos, Dise\u00f1o de estudios y encuestas, Advisory Board, Focus Group...\">Medical Editorial Department: Medical writing and scientific communication, digital and paper coverages, e-learning contents, clinical cases, study designs and surveys, Advisory Board, Focus Group...<\/option><\/select><\/span>\n<\/p>\n<p><label> Your message<br \/>\n<span class=\"wpcf7-form-control-wrap\" data-name=\"your-message\"><textarea cols=\"40\" rows=\"10\" maxlength=\"2000\" class=\"wpcf7-form-control wpcf7-textarea\" aria-invalid=\"false\" name=\"your-message\"><\/textarea><\/span> <\/label>\n<\/p>\n<p><input class=\"wpcf7-form-control wpcf7-submit has-spinner\" type=\"submit\" value=\"Send\" \/>\n<\/p><div class=\"wpcf7-response-output\" aria-hidden=\"true\"><\/div>\n<input type=\"hidden\" name=\"trp-form-language\" value=\"en\"\/><\/form>\n<\/div>\n<\/div><\/div><\/div><\/div><\/div><\/div><div      class=\"vc_row wpb_row section vc_row-fluid vc_inner  bottomindex\" style=' text-align:left;'><div class=\"full_section_inner clearfix\"><div class=\"wpb_column vc_column_container vc_col-sm-12\"><div class=\"vc_column-inner\"><div class=\"wpb_wrapper\">\n\t<div class=\"wpb_text_column wpb_content_element\">\n\t\t<div class=\"wpb_wrapper\">\n\t\t\t<h3 style=\"text-align: center;\">OTHER WAYS TO CONTACT US<\/h3>\n\n\t\t<\/div> \n\t<\/div> \t<div class=\"vc_empty_space\"  style=\"height: 32px\" ><span\n\t\t\tclass=\"vc_empty_space_inner\">\n\t\t\t<span class=\"empty_space_image\"  ><\/span>\n\t\t<\/span><\/div>\n\n<\/div><\/div><\/div><\/div><\/div><div      class=\"vc_row wpb_row section vc_row-fluid vc_inner  bottomindex grid_section\" style=' text-align:left;'><div class=\"section_inner clearfix\"><div class='section_inner_margin clearfix'><div class=\"wpb_column vc_column_container vc_col-sm-4\"><div class=\"vc_column-inner\"><div class=\"wpb_wrapper\"><div class='q_icon_with_title tiny normal_icon center'><div class=\"icon_holder\" style=\" \"><span data-icon-type=\"normal\"   style=\"\" class=\"qode_iwt_icon_holder q_font_awsome_icon fa-lg\"><i class=\"qode_icon_font_awesome fa fa-envelope qode_iwt_icon_element\" style=\"color: #ffffff;\" ><\/i><\/span><\/div><div class=\"icon_text_holder\" style=\"\"><div class=\"icon_text_inner\" style=\"\"><h5 class=\"icon_title\" style=\"\"><\/h5><p style='color: #ffffff'><\/p><a itemprop='url' class='icon_with_title_link' href='mailto:info@brindacm.com' target='_self' style='color: #ffffff;'>info@brindacm.com<\/a><\/div><\/div><\/div><\/div><\/div><\/div><div class=\"wpb_column vc_column_container vc_col-sm-4\"><div class=\"vc_column-inner\"><div class=\"wpb_wrapper\"><div class='q_icon_with_title tiny normal_icon center'><div class=\"icon_holder\" style=\" \"><span data-icon-type=\"normal\"   style=\"\" class=\"qode_iwt_icon_holder q_font_awsome_icon fa-lg\"><i class=\"qode_icon_font_awesome fa fa-phone qode_iwt_icon_element\" style=\"color: #ffffff;\" ><\/i><\/span><\/div><div class=\"icon_text_holder\" style=\"\"><div class=\"icon_text_inner\" style=\"\"><h5 class=\"icon_title\" style=\"\"><\/h5><p style='color: #ffffff'>+34 91 726 43 42<\/p><\/div><\/div><\/div><\/div><\/div><\/div><div class=\"wpb_column vc_column_container vc_col-sm-4\"><div class=\"vc_column-inner\"><div class=\"wpb_wrapper\"><div class='q_icon_with_title tiny normal_icon center'><div class=\"icon_holder\" style=\" \"><span data-icon-type=\"normal\"   style=\"\" class=\"qode_iwt_icon_holder q_font_awsome_icon fa-lg\"><i class=\"qode_icon_font_awesome fa fa-building qode_iwt_icon_element\" style=\"color: #ffffff;\" ><\/i><\/span><\/div><div class=\"icon_text_holder\" style=\"\"><div class=\"icon_text_inner\" style=\"\"><h5 class=\"icon_title\" style=\"\"><\/h5><p style='color: #ffffff'>C\/ Marqu\u00e9s de Monteagudo, 20 \u2013 Loft 6 28028 Madrid (Spain)<\/p><\/div><\/div><\/div><\/div><\/div><\/div><\/div><\/div><\/div><\/div><\/div><\/div><\/div><\/div><div      class=\"vc_row wpb_row section vc_row-fluid\" style=' text-align:left;'><div class=\"full_section_inner clearfix\"><div class=\"wpb_column vc_column_container vc_col-sm-12\"><div class=\"vc_column-inner\"><div class=\"wpb_wrapper\"><div class=\"wpb_gmaps_widget wpb_content_element wpb_animate_when_almost_visible wpb_fadeIn fadeIn\"><div class=\"wpb_wrapper\"><div class=\"wpb_map_wraper\"><iframe loading=\"lazy\" src=\"https:\/\/www.google.com\/maps\/embed?pb=!1m18!1m12!1m3!1d3036.716318561737!2d-3.670499984145055!3d40.43728007936269!2m3!1f0!2f0!3f0!3m2!1i1024!2i768!4f13.1!3m3!1m2!1s0xd4228c9715d6689%3A0xc0dae70c1184d035!2sBrinda+HealthCare!5e0!3m2!1ses!2ses!4v1550145762946\" width=\"600\" height=\"450\" frameborder=\"0\" style=\"border:0\" allowfullscreen><\/iframe><\/div><\/div><\/div><\/div><\/div><\/div><\/div><\/div>","protected":false},"excerpt":{"rendered":"Brinda Comunicaci\u00f3n y Marketing es una consultor\u00eda en Comunicaci\u00f3n, Marketing y Ventas. Brinda HealthCare es nuestra divisi\u00f3n especializada en Medicina y Salud. En este sector trabajamos codo con codo y desde hace 15 a\u00f1os con la Industria Farmac\u00e9utica, Asociaciones de Pacientes, Sociedades Cient\u00edficas, Colegios Profesionales......","protected":false},"author":1,"featured_media":0,"parent":0,"menu_order":0,"comment_status":"closed","ping_status":"closed","template":"full_width.php","meta":{"footnotes":""},"class_list":["post-844","page","type-page","status-publish","hentry"],"_links":{"self":[{"href":"https:\/\/brindacm.com\/en\/wp-json\/wp\/v2\/pages\/844","targetHints":{"allow":["GET"]}}],"collection":[{"href":"https:\/\/brindacm.com\/en\/wp-json\/wp\/v2\/pages"}],"about":[{"href":"https:\/\/brindacm.com\/en\/wp-json\/wp\/v2\/types\/page"}],"author":[{"embeddable":true,"href":"https:\/\/brindacm.com\/en\/wp-json\/wp\/v2\/users\/1"}],"replies":[{"embeddable":true,"href":"https:\/\/brindacm.com\/en\/wp-json\/wp\/v2\/comments?post=844"}],"version-history":[{"count":13,"href":"https:\/\/brindacm.com\/en\/wp-json\/wp\/v2\/pages\/844\/revisions"}],"predecessor-version":[{"id":1098,"href":"https:\/\/brindacm.com\/en\/wp-json\/wp\/v2\/pages\/844\/revisions\/1098"}],"wp:attachment":[{"href":"https:\/\/brindacm.com\/en\/wp-json\/wp\/v2\/media?parent=844"}],"curies":[{"name":"wp","href":"https:\/\/api.w.org\/{rel}","templated":true}]}}