{"id":51,"date":"2018-09-27T10:25:53","date_gmt":"2018-09-27T10:25:53","guid":{"rendered":"http:\/\/localhost:8888\/brinda\/?page_id=51"},"modified":"2019-02-12T13:56:47","modified_gmt":"2019-02-12T13:56:47","slug":"politica-de-privacidad","status":"publish","type":"page","link":"https:\/\/brindacm.com\/en\/politica-de-privacidad\/","title":{"rendered":"Pol\u00edtica de Privacidad"},"content":{"rendered":"<div      class=\"vc_row wpb_row section vc_row-fluid\" style=' text-align:left;'><div class=\"full_section_inner clearfix\"><div class=\"wpb_column vc_column_container vc_col-sm-12\"><div class=\"vc_column-inner\"><div class=\"wpb_wrapper\">\n\t<div class=\"wpb_text_column wpb_content_element\">\n\t\t<div class=\"wpb_wrapper\">\n\t\t\t<p><strong>Pol\u00edtica de Privacidad sobre los Datos de Car\u00e1cter Personal<\/strong><\/p>\n<p>En cumplimiento de lo establecido en el Reglamento Europeo de Protecci\u00f3n de Datos , y de lo dispuesto en la Ley Org\u00e1nica 15\/1999, de 13 de diciembre, de Protecci\u00f3n de Datos de Car\u00e1cter Personal (en adelante RGPD), el usuario consiente expresamente que el tratamiento de sus datos se realice en los t\u00e9rminos indicados y las finalidades recogidas en la presente Pol\u00edtica de Privacidad, as\u00ed como la de cumplir con los principios recogidos en el aviso legal de la p\u00e1gina\u00a0www.brindacm.com,\u00a0mediante el suministro de cualquier dato de car\u00e1cter personal a trav\u00e9s de los distintas v\u00edas de comunicaci\u00f3n de la p\u00e1gina web\u00a0www.brindacm.com.<\/p>\n<p><strong>\u00c1mbito de Aplicaci\u00f3n<\/strong><\/p>\n<p>La presente Pol\u00edtica de Privacidad aplica a los tratamientos y servicios comerciales y de comunicaci\u00f3n de productos ofrecidos por la empresa Brinda Comunicaci\u00f3n y Marketing, S.L. En el caso de que alg\u00fan servicio prestado por la empresa requiera medidas de actuaci\u00f3n espec\u00edficas en materia de protecci\u00f3n de datos personales se indicar\u00e1n en las condiciones particulares que se acuerden con cada usuario.<\/p>\n<p><strong>1. Responsable del fichero<\/strong><\/p>\n<p>La empresa Brinda Comunicaci\u00f3n y Marketing, S.L. es titular de la base de datos y responsable de los ficheros creados a partir de la informaci\u00f3n de car\u00e1cter personal suministrada por los usuarios, e inscritos en el Registro General de Protecci\u00f3n de Datos. La empresa Brinda Comunicaci\u00f3n y Marketing, S.L. est\u00e1 situada en la calle Marqu\u00e9s de Monteagudo, 20 \u2013 Loft 6. 28028 Madrid, y tiene asignado el C.I.F. B84354281.<\/p>\n<p><strong>2. Finalidad de los datos<\/strong><\/p>\n<p>Las finalidades del tratamiento de datos facilitados por los usuarios del dominio \u00a0web\u00a0<strong>www.brindacm.com<\/strong>, propiedad de la empresa Brinda Comunicaci\u00f3n y Marketing, S.L. son:<\/p>\n<ol>\n<li>Creaci\u00f3n y gesti\u00f3n de una base de datos de clientes.<\/li>\n<li>Gesti\u00f3n de ofertas comerciales y publicaciones t\u00e9cnicas.<\/li>\n<li>Comunicaciones por correo electr\u00f3nico, telef\u00f3nicas o por medios telef\u00f3nicos de:\n<ul>\n<li>Informaci\u00f3n comercial de la compa\u00f1\u00eda.<\/li>\n<li>Comunicaci\u00f3n de nuevos productos o servicios, incidencias o modificaciones de los mismos.<\/li>\n<li>Ofertas comerciales y de informaci\u00f3n sobre productos y servicios.<\/li>\n<li>Notificaci\u00f3n de contenidos y de comunicaciones comerciales y promocionales de a empresa Brinda Comunicaci\u00f3n y Marketing, S.L. o de terceros de acuerdo a los contenidos que se detallan en el punto 4 y con la autorizaci\u00f3n que este determine a trav\u00e9s del formulario de inscripci\u00f3n.<\/li>\n<\/ul>\n<\/li>\n<\/ol>\n<p>Y aquellas otras finalidades que www.brindacm.com desarrolle y ofrezca a sus usuarios como mejora de los servicios de la empresa.<\/p>\n<p>Los datos necesarios para llevar a cabo estas finalidades son, entre otros:<\/p>\n<p>1) En el registro del apartado de consultas de la web www.brindacm.com:<\/p>\n<p>Registro de usuarios para enviar los datos de contacto del usuario.<\/p>\n<ul>\n<li>Nombre y Apellidos de la persona de contacto.<\/li>\n<li>Email de contacto.<\/li>\n<li>Mensaje.<\/li>\n<\/ul>\n<p><strong>3. Consentimiento del Usuario<\/strong><\/p>\n<p>La informaci\u00f3n recogida en la base de datos, es facilitada por el Usuario de forma voluntaria a quien se indica su finalidad, y por tanto el usuario manifiesta haber le\u00eddo y aceptado expresamente la presente Pol\u00edtica de Privacidad al enviar sus datos a trav\u00e9s de la p\u00e1gina a www.brindacm.com propiedad de la empresa Brinda Comunicaci\u00f3n y Marketing, S.L., otorgando su consentimiento inequ\u00edvoco y expreso para el tratamiento de sus datos personales de acuerdo con las finalidades y servicios aqu\u00ed reflejados.<\/p>\n<p>As\u00ed mismo, declara haber le\u00eddo y aceptado el Aviso Legal, autorizando expresamente la cesi\u00f3n de sus datos a terceros para que www.brindacm.com, a trav\u00e9s de la empresa Brinda Comunicaci\u00f3n y Marketing, S.L. lleve a cabo las finalidades previstas en esta pol\u00edtica de privacidad, pudiendo en cualquier momento ejercer sus derechos de acceso, rectificaci\u00f3n o supresi\u00f3n, oposici\u00f3n y retirada del consentimiento prestado.<\/p>\n<p>En el caso de que el usuario facilite a la empresa datos personales de terceros, el usuario declara que dichos datos son veraces y que ha informado y ha solicitado el consentimiento a estos terceros, cuyos datos facilita a la empresa, de que sus datos personales ser\u00e1n tratados por la empresa Brinda Comunicaci\u00f3n y Marketing, S.L. en los mismos t\u00e9rminos que el usuario ha sido informado y prestado su consentimiento en la presente pol\u00edtica de privacidad.<\/p>\n<p><strong>4. Informaci\u00f3n Comercial y Promocional<\/strong><\/p>\n<p>Brinda Comunicaci\u00f3n y Marketing, S.L. ofrece a todos sus usuarios un servicio propio de informaci\u00f3n sobre contenidos diversos y de comunicaciones comerciales de la propia empresa o de terceros. Estas comunicaciones tienen como objeto principal remitir al usuario ofertas de productos y servicios sin que esto conlleve la cesi\u00f3n de datos a terceros.<\/p>\n<p>Igualmente, a ra\u00edz de la colaboraci\u00f3n con nuestros agentes colaboradores la empresa ha llegado a acuerdos para que aquellos usuarios que as\u00ed lo deseen puedan recibir comunicaciones comerciales de terceras empresas por medios electr\u00f3nicos sobre los productos y servicios ofrecidos por estas.. El usuario expresa su deseo de recibir estas comunicaciones de terceros consintiendo expresamente que Brinda Comunicaci\u00f3n y Marketing, S.L. ceda sus datos personales a las terceras empresas que se enumeran a continuaci\u00f3n con estas finalidades y en las condiciones que se detallan a continuaci\u00f3n.<\/p>\n<p>En el caso de que se llegue a acuerdos con otras empresas se proceder\u00e1 a comunicar a todos los usuarios el nuevo acuerdo para recabar su autorizaci\u00f3n previa a la cesi\u00f3n de datos y \u00fanicamente en caso de tener el consentimiento se realizar\u00e1 la cesi\u00f3n.<\/p>\n<p>El tratamiento y cesi\u00f3n de sus datos de car\u00e1cter personal y el env\u00edo de comunicaciones comerciales se realizan cumpliendo del Reglamento Europeo de Protecci\u00f3n de Datos y de la Ley Org\u00e1nica 15\/1999, de 13 de diciembre, de Protecci\u00f3n de Datos de Car\u00e1cter Personal y la Ley 34\/2002, de 11 de julio, de servicios de la Sociedad de Informaci\u00f3n y de Comercio Electr\u00f3nico.<\/p>\n<p><strong>5. Ejercicio de los derechos de acceso, rectificaci\u00f3n, cancelaci\u00f3n, oposici\u00f3n\u00a0 y retirada del consentimiento<\/strong><\/p>\n<p>En cualquier momento el usuario puede hacer uso de su derecho de acceso, modificaci\u00f3n y anulaci\u00f3n de sus datos personales escribiendo un correo electr\u00f3nico a\u00a0<a href=\"mailto:info@brindacm.com\">info@brindacm.com<\/a>, o enviando un escrito a la siguiente direcci\u00f3n: Calle Marqu\u00e9s de Monteagudo, 20 \u2013 Loft 6. 28028 Madrid.<\/p>\n<p>De acuerdo con lo establecido en los art\u00edculos 16 y 17 de la LOPD y la Instrucci\u00f3n 1\/1998, de 19 de enero, de la Agencia Espa\u00f1ola de Protecci\u00f3n de Datos, si desea ejercer sus derechos de acceso, rectificaci\u00f3n, cancelaci\u00f3n y oposici\u00f3n debe seguir los siguientes pasos:<\/p>\n<p>Deber\u00e1 dirigirse al Responsable del Fichero, Brinda Comunicaci\u00f3n y Marketing, S.L. escribiendo un correo electr\u00f3nico a\u00a0<a href=\"mailto:info@brindacm.com\">info@brindacm.com<\/a>, o enviando un escrito a la siguiente direcci\u00f3n: Calle Marqu\u00e9s de Monteagudo, 20 \u2013 Loft 6. 28028 Madrid), a la atenci\u00f3n del Departamento de Atenci\u00f3n al Cliente, mediante una solicitud que contenga:<\/p>\n<p>&#8211; Nombre, apellidos del interesado y fotocopia de su DNI o Pasaporte o en su caso, documento acreditativo de identidad. Si se tratara de un supuesto excepcional en los que la Ley permite la representaci\u00f3n del interesado por un tercero, ser\u00e1 necesario acompa\u00f1ar a dicha solicitud el documento acreditativo de dicha representaci\u00f3n.<br \/>\n&#8211; Petici\u00f3n en la que se concreta la solicitud.<br \/>\n&#8211; Domicilio completo a efectos de notificaci\u00f3n, fecha y firma del solicitante.<br \/>\n&#8211; Documentos acreditativos de la petici\u00f3n que formula, en su caso.<br \/>\n&#8211; El usuario que proceda a ejercitar sus derechos de acceso, rectificaci\u00f3n, cancelaci\u00f3n y oposici\u00f3n deber\u00e1 utilizar cualquier medio que permita acreditar el env\u00edo y la recepci\u00f3n de la solicitud.<\/p>\n<p><strong>6. Seguridad de los datos<\/strong><\/p>\n<p>La empresa Brinda Comunicaci\u00f3n y Marketing, S.L. informa por este medio que ha adoptado todas las medidas t\u00e9cnicas y ha utilizado todos los recursos organizativos necesarios para garantizar la seguridad e integridad de los datos personales tratados, as\u00ed como para evitar su alteraci\u00f3n, p\u00e9rdida, tratamiento no autorizado o acceso indebido. En este sentido, la empresa Brinda Comunicaci\u00f3n y Marketing, S.L. ha adoptado las medidas de seguridad exigidas por el REAL DECRETO 1720\/2007, de 21 de diciembre, por el que se aprueba el Reglamento de desarrollo de la Ley Org\u00e1nica 15\/1999, de 13 de diciembre, de protecci\u00f3n de datos de car\u00e1cter personal.<\/p>\n<p>Asimismo, la empresa Brinda Comunicaci\u00f3n y Marketing, S.L. se compromete a cumplir el deber de secreto y de confidencialidad al que est\u00e1 obligado como Responsable del Fichero.<\/p>\n<p>La empresa Brinda Comunicaci\u00f3n y Marketing, S.L. se compromete a que dichos datos permanezcan en secreto y as\u00ed mismo, se compromete a cumplir con las medidas de seguridad de nivel b\u00e1sico\/Medio del Reglamento de Medidas de Seguridad.<\/p>\n<p>De la misma forma la empresa Brinda Comunicaci\u00f3n y Marketing, S.L. se compromete a tratar los datos personales a los que tenga acceso \u00fanicamente conforme a las instrucciones que, a tal efecto, pueda indicarle el usuario. En consecuencia, los datos a los que se tenga acceso en estos casos tendr\u00e1n un car\u00e1cter confidencial y no ser\u00e1n utilizados para ninguna finalidad distinta a la indicada por el usuario, y tampoco ser\u00e1n publicados o puestos en conocimiento de terceras personas sin la autorizaci\u00f3n previa del usuario.<\/p>\n<p><strong>7. Responsabilidad del usuario<\/strong><\/p>\n<p>El usuario es responsable de toda informaci\u00f3n que facilite a la empresa Brinda Comunicaci\u00f3n y Marketing, S.L. y declara expresamente que:<\/p>\n<p>&#8211; La informaci\u00f3n que facilita se corresponden a su persona, siendo \u00fanica y exclusivamente responsabilidad del usuario, liberando a la empresa Brinda Comunicaci\u00f3n y Marketing, S.L. de todo tipo de responsabilidad que se derive de ello.<\/p>\n<p>&#8211; Toda la informaci\u00f3n de car\u00e1cter personal que el usuario facilite deber\u00e1 ser veraz, garantizando la autenticidad de toda informaci\u00f3n facilitada a trav\u00e9s de los medios utilizados por la empresa para la recogida de datos. En todo caso, el usuario ser\u00e1 el \u00fanico responsable de las manifestaciones falsas o inexactas que realice y de los perjuicios que cause a la empresa Brinda Comunicaci\u00f3n y Marketing, S.L. o a terceros por la informaci\u00f3n falsa, incorrecta o que no cuente con la autorizaci\u00f3n adecuada y que facilite con motivo de la utilizaci\u00f3n de los servicios ofrecidos por la empresa.<\/p>\n<p>&#8211; El Usuario se abstendr\u00e1 de hacer un uso incorrecto o ilegal de los datos de car\u00e1cter personal a los que pueda tener acceso por parte de la empresa Brinda Comunicaci\u00f3n y Marketing, S.L. utiliz\u00e1ndolos con fines distintos a los previstos, reproduci\u00e9ndolos, cedi\u00e9ndolos, modific\u00e1ndolos o transform\u00e1ndolos.<\/p>\n<p>&#8211; El usuario no incluir\u00e1 datos personales que hagan referencia a ideolog\u00eda, afiliaci\u00f3n sindical, religi\u00f3n, creencias, origen racial, salud o vida sexual, ya que en estos casos la empresa Brinda Comunicaci\u00f3n y Marketing, S.L. se reservar\u00e1 el derecho de proceder al borrado de los mismos.<\/p>\n<p>En el caso de que la empresa Brinda Comunicaci\u00f3n y Marketing, S.L., como consecuencia del incumplimiento por parte del usuario de las obligaciones derivadas de la LOPD o de su normativa de desarrollo, fuera sancionado administrativamente, el usuario se obliga a abonar a la empresa Brinda Comunicaci\u00f3n y Marketing, S.L. el importe de dichas sanciones desde el momento en que sean impuestas en v\u00eda administrativa, as\u00ed como los gastos adicionales relacionados con esas sanciones de forma inmediata y tras la comunicaci\u00f3n que la empresa Brinda Comunicaci\u00f3n y Marketing, S.L. le efect\u00fae al respecto.<\/p>\n\n\t\t<\/div> \n\t<\/div> <\/div><\/div><\/div><\/div><\/div>","protected":false},"excerpt":{"rendered":"Pol\u00edtica de Privacidad sobre los Datos de Car\u00e1cter Personal En cumplimiento de lo establecido en el Reglamento Europeo de Protecci\u00f3n de Datos , y de lo dispuesto en la Ley Org\u00e1nica 15\/1999, de 13 de diciembre, de Protecci\u00f3n de Datos de Car\u00e1cter Personal (en adelante...","protected":false},"author":1,"featured_media":0,"parent":0,"menu_order":0,"comment_status":"closed","ping_status":"closed","template":"","meta":{"footnotes":""},"class_list":["post-51","page","type-page","status-publish","hentry"],"_links":{"self":[{"href":"https:\/\/brindacm.com\/en\/wp-json\/wp\/v2\/pages\/51","targetHints":{"allow":["GET"]}}],"collection":[{"href":"https:\/\/brindacm.com\/en\/wp-json\/wp\/v2\/pages"}],"about":[{"href":"https:\/\/brindacm.com\/en\/wp-json\/wp\/v2\/types\/page"}],"author":[{"embeddable":true,"href":"https:\/\/brindacm.com\/en\/wp-json\/wp\/v2\/users\/1"}],"replies":[{"embeddable":true,"href":"https:\/\/brindacm.com\/en\/wp-json\/wp\/v2\/comments?post=51"}],"version-history":[{"count":2,"href":"https:\/\/brindacm.com\/en\/wp-json\/wp\/v2\/pages\/51\/revisions"}],"predecessor-version":[{"id":538,"href":"https:\/\/brindacm.com\/en\/wp-json\/wp\/v2\/pages\/51\/revisions\/538"}],"wp:attachment":[{"href":"https:\/\/brindacm.com\/en\/wp-json\/wp\/v2\/media?parent=51"}],"curies":[{"name":"wp","href":"https:\/\/api.w.org\/{rel}","templated":true}]}}