{"id":49,"date":"2018-09-27T10:25:36","date_gmt":"2018-09-27T10:25:36","guid":{"rendered":"http:\/\/localhost:8888\/brinda\/?page_id=49"},"modified":"2019-02-12T13:55:36","modified_gmt":"2019-02-12T13:55:36","slug":"aviso-legal","status":"publish","type":"page","link":"https:\/\/brindacm.com\/en\/aviso-legal\/","title":{"rendered":"Aviso Legal"},"content":{"rendered":"<div      class=\"vc_row wpb_row section vc_row-fluid\" style=' text-align:left;'><div class=\"full_section_inner clearfix\"><div class=\"wpb_column vc_column_container vc_col-sm-12\"><div class=\"vc_column-inner\"><div class=\"wpb_wrapper\">\n\t<div class=\"wpb_text_column wpb_content_element\">\n\t\t<div class=\"wpb_wrapper\">\n\t\t\t<h2 align=\"center\"><span style=\"color: #1497d1;\"><b>AVISO LEGAL<\/b><\/span><\/h2>\n<p>&nbsp;<\/p>\n<p>Las presentes Condiciones Generales regulan el uso de la p\u00e1gina \u00abwww.brindacm.com\u00bb<\/p>\n<p>que la sociedad Brinda Comunicaci\u00f3n y Marketing, S.L. (en lo sucesivo, denominada \u00abempresa\u00bb), Sociedad domiciliada en calle Marqu\u00e9s Monteagudo \u00a0N\u00ba 20, 28028 (Madrid), y tiene asignado el C.I.F.: B84354281, pone a su disposici\u00f3n como usuario (el \u00abUsuario\u00bb).<\/p>\n<p>La utilizaci\u00f3n de las utilidades de la p\u00e1gina www.brindacm.com supone la aceptaci\u00f3n plena por el Usuario de todas las Condiciones Generales de Uso de la p\u00e1gina web <a href=\"https:\/\/brindacm.com\/\" target=\"_blank\" rel=\"noopener\">www.brindacm.com<\/a>, vigentes en cada momento en que el Usuario acceda al mismo, por lo que si \u00e9ste no est\u00e1 de acuerdo con cualquiera de las condiciones aqu\u00ed establecidas, no deber\u00e1 acceder a esta P\u00e1gina WEB. La empresa se reserva el derecho de modificar en cualquier momento las presentes Condiciones Generales de Uso de la p\u00e1gina web, as\u00ed como de cualquier otra condici\u00f3n general o particular, reglamentos de acceso y uso, instrucciones o avisos que resulten de aplicaci\u00f3n. As\u00ed mismo, la empresa se reserva el derecho de suspender, interrumpir o dejar de operar con la p\u00e1gina web en cualquier momento.<\/p>\n<p>Los servicios ofrecidos por la empresa se dirigen exclusivamente a residentes en Espa\u00f1a. Todas aquellas personas f\u00edsicas o jur\u00eddicas residentes o domiciliadas en otros pa\u00edses deber\u00e1n asegurarse que el uso y acceso a la p\u00e1gina web y en todo caso de su contenido les est\u00e1 permitido de conformidad con la legislaci\u00f3n de su propio pa\u00eds. En cualquier caso, el acceso y uso de la p\u00e1gina webl por parte de un Usuario que no cumpla con el requisito de residencia en Espa\u00f1a se entender\u00e1 que lo utiliza bajo su propia responsabilidad, eximiendo a la empresa de cualquier posible responsabilidad en la medida en que no se encuentra dentro del \u00e1mbito de aplicaci\u00f3n de las leyes nacionales de Espa\u00f1a.<\/p>\n<p>&nbsp;<\/p>\n<h4><b>1. OBJETO<\/b><\/h4>\n<p>A trav\u00e9s de la p\u00e1gina web, la empresa facilita a los\u00a0 Usuarios el acceso a diversos contenidos, servicios e informaci\u00f3n (en adelante los \u00abContenidos\u00bb) puestos a disposici\u00f3n de los Usuarios por parte la empresa o\u00a0 en su caso por terceros, proveedores de servicios y contenidos. La empresa se reserva el derecho de modificar en cualquier momento la presentaci\u00f3n, configuraci\u00f3n y localizaci\u00f3n de la p\u00e1gina web, as\u00ed como los Contenidos y las condiciones necesarias para tener acceso a los mismos. Dentro de los mencionados Contenidos podr\u00e1 existir un \u00e1rea de acceso restringido a Usuarios que se hayan registrado previamente (en adelante \u00abUsuarios Registrados\u00bb), cuyo acceso y\u00a0 utilizaci\u00f3n queda sujeto a las condiciones previstas en el apartado 3 del presente\u00a0 documento.<\/p>\n<p>Si Usted observa que alg\u00fan contenido o tratamiento de la p\u00e1gina web <a href=\"https:\/\/brindacm.com\/\">www.brindacm.com<\/a> no cumple las reglas\u00a0 establecidas aqu\u00ed o en las pol\u00edticas de privacidad, o si desea realizar alguna sugerencia o cr\u00edtica, puede contactar directamente con\u00a0 nosotros a trav\u00e9s del email <a href=\"mailto:info@brindacm.com\">info@brindacm.com<\/a>.<\/p>\n<p>&nbsp;<\/p>\n<h4><b>2. CONDICIONES DE ACCESO Y UTILIZACI\u00d3N DE LA WEB<\/b><\/h4>\n<p>&nbsp;<\/p>\n<h5><span style=\"text-decoration: underline;\">2.1. Acceso y utilizaci\u00f3n de la WEB.<\/span><\/h5>\n<p>El\u00a0 Usuario reconoce y acepta que el acceso y uso de la p\u00e1gina web as\u00ed como, en su caso, de los Contenidos incluidos en el mismo tiene lugar libre y conscientemente, bajo su exclusiva responsabilidad. Todo usuario debe estar\u00a0 de acuerdo con la Pol\u00edtica de Privacidad y con la Pol\u00edtica de Privacidad de la empresa\u00a0 antes de completar su inscripci\u00f3n. El acceso a los servicios de www.brindacm.com y a los Contenidos\u00a0 incluidos en el mismo no implica ning\u00fan tipo de garant\u00eda respecto a la\u00a0 idoneidad de la p\u00e1gina web y\/o de los Contenidos incluidos en el mismo para fines\u00a0 particulares o espec\u00edficos de los Usuarios fuera de los acordados entre la empresa y el usuario. La empresa podr\u00e1 establecer limitaciones o condiciones adicionales para el uso o acceso a la p\u00e1gina web y\/o a los Contenidos, las cuales deber\u00e1n ser observadas por los Usuarios en todo momento.<\/p>\n<h5><span style=\"text-decoration: underline;\">2.2. Uso Autorizado de la P\u00e1gina WEB y de los Contenidos.<\/span><\/h5>\n<p>El Usuario se compromete a hacer un uso adecuado y l\u00edcito de los servicios de la p\u00e1gina web y de los\u00a0 Contenidos, de conformidad con la legislaci\u00f3n vigente, las presentes Condiciones Generales de Uso de la p\u00e1gina WEB, la moral y buenas costumbres\u00a0 generalmente aceptadas y el orden p\u00fablico. El Usuario deber\u00e1 abstenerse de:<\/p>\n<p>a)\u00a0\u00a0\u00a0\u00a0 Hacer un uso no autorizado o fraudulento de la P\u00e1gina WEB o de los Contenidos<\/p>\n<p>b)\u00a0\u00a0\u00a0 Reproducir o copiar, distribuir, permitir el acceso del p\u00fablico a trav\u00e9s de cualquier modalidad de comunicaci\u00f3n p\u00fablica, transformar o modificar los Contenidos, a menos que se cuente con la autorizaci\u00f3n del titular de los correspondientes derechos intelectuales o industriales o ello resulte legalmente permitido.<\/p>\n<p>c)\u00a0\u00a0\u00a0\u00a0 Acceder o intentar acceder a recursos o \u00e1reas restringidas de la P\u00e1gina WEB, sin\u00a0 cumplir las condiciones exigidas para dicho acceso.<\/p>\n<p>d)\u00a0\u00a0\u00a0 Intentar acceder, utilizar o manipular los datos de la empresa, de cualquier proveedor y\/o de otros\u00a0 usuarios.<\/p>\n<p>e)\u00a0\u00a0\u00a0\u00a0 Utilizar la P\u00e1gina WEB y sus Contenidos con fines o efectos il\u00edcitos, ilegales, contrarios a lo\u00a0 establecido en las presentes Condiciones Generales, a la buena fe y al orden\u00a0 p\u00fablico, lesivos de los derechos e intereses de terceros, o que de cualquier\u00a0 forma puedan da\u00f1ar, inutilizar o sobrecargar el Portal o impedir la normal\u00a0 utilizaci\u00f3n o disfrute de la P\u00e1gina WEB.<\/p>\n<p>f)\u00a0\u00a0\u00a0\u00a0 Introducir o\u00a0 difundir en la red virus inform\u00e1ticos o cualesquiera otros sistemas f\u00edsicos o\u00a0 l\u00f3gicos que sean susceptibles de provocar da\u00f1os en los sistemas f\u00edsicos o\u00a0 l\u00f3gicos de La empresa, de sus proveedores o de terceros.<\/p>\n<p>g)\u00a0\u00a0\u00a0\u00a0 Provocar da\u00f1os en los sistemas f\u00edsicos\u00a0 o l\u00f3gicos de La empresa, de sus proveedores o de terceros.<\/p>\n<p>h)\u00a0\u00a0\u00a0 Suprimir, ocultar o manipular las notas sobre derechos de propiedad intelectual\u00a0 o industrial y dem\u00e1s datos identificativos de los derechos de La empresa o de\u00a0 terceros incorporados a los Contenidos, as\u00ed como los dispositivos t\u00e9cnicos de\u00a0 protecci\u00f3n o cualesquiera mecanismos de informaci\u00f3n que puedan insertarse en\u00a0 los Contenidos.<\/p>\n<p>i)\u00a0\u00a0\u00a0\u00a0\u00a0 El intento o la obtenci\u00f3n de los Contenidos empleando medios o procedimientos distintos de los que se hayan\u00a0 puesto a su disposici\u00f3n a este efecto o se hayan indicado expresamente en las\u00a0 p\u00e1ginas web donde se encuentren los Contenidos o de los que se empleen habitualmente en Internet por no entra\u00f1ar un riesgo de da\u00f1o o inutilizaci\u00f3n de la P\u00e1gina WEB y\/o de los Contenidos.<\/p>\n<p>&nbsp;<\/p>\n<h4><b style=\"line-height: 1.5em;\">3. AREA DE ACCESO RESTRINGIDO<\/b><\/h4>\n<p>En su caso, se podr\u00e1 crear un apartado para acceder y usar el \u00e1rea de acceso restringido, los Usuarios deber\u00e1n registrarse con car\u00e1cter previo rellenando un\u00a0 formulario (el \u00abFormulario de Registro\u00bb) que aparezca en cada caso en el Portal. La empresa se reserva el derecho de aceptar o rechazar libremente la\u00a0 solicitud de registro de cualquier Usuario. Los datos introducidos por los\u00a0 Usuarios en el Formulario de Registro deber\u00e1n ser exactos, actuales y veraces\u00a0 en todo momento, y ser\u00e1n procesados por La empresa en la forma indicada en la\u00a0 Pol\u00edtica de Privacidad.<\/p>\n<p>Los Usuarios Registrados ser\u00e1n responsables en todo momento de la custodia de su clave de acceso, asumiendo cualesquier da\u00f1o o perjuicio que se pudiera derivar del uso indebido de estas claves, as\u00ed como de la cesi\u00f3n, revelaci\u00f3n o extrav\u00edo de la misma.<\/p>\n<p>A tales efectos, el acceso a \u00e1reas restringidas y el uso de los Contenidos efectuado bajo la clave de un Usuario Registrado se interpretar\u00e1n realizadas por ese Usuario\u00a0 Registrado, quien responder\u00e1 en todo caso de dicho acceso y uso. En caso de olvido de la clave o cualquier otra\u00a0 circunstancia que suponga un riesgo de acceso y utilizaci\u00f3n por parte de terceros no autorizados, los Usuarios Registrados deber\u00e1n comunicarlo\u00a0 inmediatamente a La empresa a fin de que \u00e9sta proceda inmediatamente al bloqueo y sustituci\u00f3n de la misma.<\/p>\n<p>&nbsp;<\/p>\n<h4><b>4. DERECHOS DE PROPIEDAD INDUSTRIAL E\u00a0 INTELECTUAL<\/b><\/h4>\n<p>El Usuario reconoce y acepta que todos los\u00a0 derechos de propiedad industrial e intelectual sobre los Contenidos y\u00a0 cualquier otro elemento ubicado en La P\u00e1gina WEB (incluyendo marcas, logotipos, nombres comerciales, textos, im\u00e1genes, gr\u00e1ficos,\u00a0 dise\u00f1os, sonidos, bases de datos, software, diagramas de flujo, presentaciones, audio y v\u00eddeo), pertenecen a La empresa y en su caso a\u00a0 terceros. En ning\u00fan caso el acceso al La P\u00e1gina WEB implica ning\u00fan tipo de renuncia, transmisi\u00f3n, licencia o cesi\u00f3n total ni parcial de dichos derechos, salvo que se establezca expresamente lo contrario.<\/p>\n<p>Las presentes Condiciones Generales de Uso de la P\u00e1gina WEB no confieren a los Usuarios ning\u00fan otro derecho de utilizaci\u00f3n, alteraci\u00f3n, explotaci\u00f3n, reproducci\u00f3n, distribuci\u00f3n o comunicaci\u00f3n p\u00fablica de sus Contenidos m\u00e1s all\u00e1 de los que aqu\u00ed se prevean expresamente.<\/p>\n<p>Cualquier otro uso o explotaci\u00f3n de cualquier derecho estar\u00e1 sujeto q que previamente exista autorizaci\u00f3n expresa y que sea espec\u00edficamente otorgada a tal efecto por La empresa o del tercero titular de los derechos afectados.<\/p>\n<p>La empresa autoriza a los Usuarios a utilizar, visualizar, imprimir, descargar y almacenar los Contenidos y los elementos insertados en el La P\u00e1gina WEB exclusivamente para su uso personal, privado y en ning\u00fan caso a t\u00edtulo lucrativo; siempre que en todo caso se indique el origen y\/o autor de los mismos y que, en su caso, aparezca el s\u00edmbolo del copyright y\/o notas de propiedad\u00a0 industrial e intelectual de sus titulares.<\/p>\n<p>Queda terminantemente prohibida la utilizaci\u00f3n de cualquier parte de los contenidos de La P\u00e1gina WEB, su reproducci\u00f3n, comunicaci\u00f3n o distribuci\u00f3n con fines\u00a0 comerciales o lucrativos, as\u00ed como cualquier modificaci\u00f3n, alteraci\u00f3n, o descompilaci\u00f3n de Los Contenidos. Para cualquier otro uso distinto de los expresamente permitidos, ser\u00e1 necesario obtener el consentimiento previo por escrito del\u00a0 titular de los derechos de que se trate.<\/p>\n<p>&nbsp;<\/p>\n<h4><b>5. POL\u00cdTICA DE PROTECCI\u00d3N DE DATOS PERSONALES<\/b><\/h4>\n<p>La empresa pone a disposici\u00f3n del Usuario su pol\u00edtica de protecci\u00f3n de datos personales en un apartado denominado \u00abPol\u00edtica de\u00a0 Privacidad\u00bb que se\u00a0 encuentra en La P\u00e1gina WEB.<\/p>\n<h4><b>6. EMPLEO DE LAS COOKIES<\/b><\/h4>\n<p>El Usuario reconoce y acepta que La empresa\u00a0 podr\u00e1 utilizar cookies cuando un Usuario navegue por La P\u00e1gina WEB.<\/p>\n<p>Las cookies de La empresa se asocian \u00fanicamente con un Usuario an\u00f3nimo y su ordenador y en ning\u00fan caso proporcionan referencias que permitan deducir datos personales de ning\u00fan Usuario. El Usuario podr\u00e1 configurar su navegador para que notifique y rechace la\u00a0 instalaci\u00f3n de las cookies enviadas por La empresa, sin que ello perjudique la\u00a0 posibilidad del Usuario de acceder a los Contenidos.<\/p>\n<h4><b>7. GARANT\u00cdAS Y RESPONSABILIDAD (EXCLUSI\u00d3N)<\/b><\/h4>\n<p>&nbsp;<\/p>\n<h5><span style=\"text-decoration: underline;\">7.1. Exclusi\u00f3n de garant\u00edas y de responsabilidad por el funcionamiento de la P\u00e1gina WEB.<\/span><\/h5>\n<p>La empresa no garantiza la disponibilidad y continuidad del funcionamiento de la P\u00e1gina WEB o de aquellos otros\u00a0 sitios web que gestione directa o indirectamente.<\/p>\n<p>De la misma forma, La empresa no ser\u00e1\u00a0 en ning\u00fan caso responsable por cualesquiera da\u00f1os y perjuicios que puedan\u00a0 derivarse de:<\/p>\n<p>a)\u00a0\u00a0\u00a0\u00a0 La falta de disponibilidad o accesibilidad a la P\u00e1gina WEB o a\u00a0 aquellos otros sitios web que gestione directa o indirectamente.<\/p>\n<p>b)\u00a0\u00a0\u00a0 La\u00a0 interrupci\u00f3n en el funcionamiento de la P\u00e1gina WEB o fallos inform\u00e1ticos, aver\u00edas telef\u00f3nicas, desconexiones, retrasos o bloqueos causados por deficiencias o sobrecargas en las l\u00edneas telef\u00f3nicas, en el sistema de Internet o en otros\u00a0 sistemas electr\u00f3nicos producidos en el curso de su funcionamiento.<\/p>\n<p>c)\u00a0\u00a0\u00a0\u00a0 La\u00a0 falta de idoneidad de la P\u00e1gina WEB para las necesidades espec\u00edficas de los Usuarios.<\/p>\n<p>d)\u00a0\u00a0\u00a0 Cualesquiera otros da\u00f1os que puedan ser causados por terceras personas mediante\u00a0 intromisiones no autorizadas ajenas al control de La empresa.<\/p>\n<p>Con el objetivo de disminuir al m\u00e1ximo los riesgos de\u00a0 introducci\u00f3n de virus en la P\u00e1gina WEB, La empresa utiliza programas de detecci\u00f3n de virus para controlar todos los Contenidos. No obstante, La empresa no garantiza la ausencia de virus ni de otros elementos en La P\u00e1gina WEB introducidos por terceros ajenos a La empresa que puedan producir alteraciones en los sistemas f\u00edsicos o l\u00f3gicos de los Usuarios o en los\u00a0 documentos electr\u00f3nicos y ficheros almacenados en sus sistemas. En consecuencia, La empresa no ser\u00e1 en ning\u00fan caso responsable de cualesquiera\u00a0 da\u00f1os y perjuicios de toda naturaleza que pudieran derivarse de la presencia de virus u otros elementos que puedan producir alteraciones en los sistemas\u00a0 f\u00edsicos o l\u00f3gicos, documentos electr\u00f3nicos o ficheros de los Usuarios.<\/p>\n<p>La empresa ha adoptado diversas medidas de prevenci\u00f3n para proteger a La Revista y los Contenidos contra ataques inform\u00e1ticos de terceros. No obstante, La empresa no garantiza que terceros no autorizados no puedan tener acceso a la P\u00e1gina WEB utilizando los medios que se ofrecen al Usuario o las condiciones, caracter\u00edsticas y circunstancias en las cuales se realiza dicho uso. En consecuencia, La empresa no ser\u00e1 en ning\u00fan caso responsable de los\u00a0 da\u00f1os y perjuicios que pudieran derivarse de dicho acceso no autorizado.<\/p>\n<p>&nbsp;<\/p>\n<h5><span style=\"text-decoration: underline;\">\u00a0<\/span><span style=\"text-decoration: underline;\">7.2 Exclusi\u00f3n de garant\u00edas y de\u00a0 responsabilidad por la utilizaci\u00f3n de la P\u00e1gina WEB.<\/span><\/h5>\n<p>La empresa no se har\u00e1\u00a0 responsable en ning\u00fan caso de la utilizaci\u00f3n que los Usuarios o terceros pudieran hacer de la P\u00e1gina WEB o de su Contenidos, ni de los da\u00f1os y perjuicios que pudieran\u00a0 derivarse del mismo.<\/p>\n<p>&nbsp;<\/p>\n<h5><span style=\"text-decoration: underline;\">7.3 Exclusi\u00f3n de garant\u00edas y de\u00a0 responsabilidad por los Contenidos.<\/span><\/h5>\n<p>La empresa no edita los Contenidos de terceros publicados en el La Revista y en consecuencia, no garantiza ni se hace responsable de la licitud, fiabilidad, utilidad, veracidad, exactitud, exhaustividad\u00a0 y actualidad de dichos Contenidos.<\/p>\n<p><span style=\"line-height: 1.5em;\">La empresa no ser\u00e1 en ning\u00fan caso\u00a0 responsable de cualesquiera da\u00f1os y perjuicios que pudieran derivarse de lo siguiente:<\/span><\/p>\n<p>a) De la\u00a0 falta de veracidad, exactitud, licitud, fiabilidad, utilidad, exhaustividad o actualidad de los Contenidos originados por terceros.<\/p>\n<p>b) La inadecuaci\u00f3n\u00a0 para cualquier prop\u00f3sito y la defraudaci\u00f3n de las expectativas generadas por\u00a0 los Contenidos.<\/p>\n<p>c) De aquellas decisiones o acciones tomadas o evitadas por parte del Usuario confiando en la informaci\u00f3n o datos facilitados o proporcionados en los Contenidos, incluyendo sin limitaci\u00f3n la p\u00e9rdida de beneficios u oportunidades\u00a0 empresariales.<\/p>\n<p>&nbsp;<\/p>\n<h4><b style=\"line-height: 1.5em;\">8. ACCIONES EN CASO DE INCUMPLIMIENTO<\/b><\/h4>\n<p><span style=\"line-height: 1.5em;\">La empresa se reserva el derecho a ejercer todas las acciones que pueda utilizar en derecho para exigir las responsabilidades que se deriven del incumplimiento de cualquiera de las disposiciones de estas\u00a0 Condiciones Generales de Uso de la P\u00e1gina WEB por parte de un Usuario.<\/span><\/p>\n<p>&nbsp;<\/p>\n<h4><b>9. NULIDAD PARCIAL<\/b><\/h4>\n<p><span style=\"line-height: 1.5em;\">La declaraci\u00f3n de cualquiera de estas condiciones generales como nula, inv\u00e1lida o ineficaz no afectar\u00e1 a la validez o eficacia de las restantes, que seguir\u00e1n siendo vinculantes entre las partes. La renuncia por cualquiera de las partes a exigir en un momento determinado el\u00a0 cumplimiento de una cualquiera de las condiciones generales aqu\u00ed estipuladas no\u00a0 implicar\u00e1 una renuncia con car\u00e1cter general al cumplimiento de otra condici\u00f3n o\u00a0 condiciones, ni crear\u00e1 un derecho adquirido para la otra parte.<\/span><\/p>\n<p>&nbsp;<\/p>\n<h4><b>10. LEY APLICABLE Y JURISDICCI\u00d3N<\/b><\/h4>\n<p><span style=\"line-height: 1.5em;\">La prestaci\u00f3n del servicio de la P\u00e1gina WEB y las presentes Condiciones Generales de Uso de la P\u00e1gina WEB se rigen por las leyes espa\u00f1olas.\u00a0 En la medida en que as\u00ed lo permita la ley, las partes, con renuncia expresa a cualquier otro fuero que pudiera corresponderles, acuerdan someterse a la\u00a0 jurisdicci\u00f3n de los Juzgados y Tribunales de la Comunidad de Madrid.<\/span><\/p>\n\n\t\t<\/div> \n\t<\/div> <\/div><\/div><\/div><\/div><\/div>","protected":false},"excerpt":{"rendered":"AVISO LEGAL &nbsp; Las presentes Condiciones Generales regulan el uso de la p\u00e1gina \"www.brindacm.com\" que la sociedad Brinda Comunicaci\u00f3n y Marketing, S.L. (en lo sucesivo, denominada \"empresa\"), Sociedad domiciliada en calle Marqu\u00e9s Monteagudo \u00a0N\u00ba 20, 28028 (Madrid), y tiene asignado el C.I.F.: B84354281, pone a...","protected":false},"author":1,"featured_media":0,"parent":0,"menu_order":0,"comment_status":"closed","ping_status":"closed","template":"","meta":{"footnotes":""},"class_list":["post-49","page","type-page","status-publish","hentry"],"_links":{"self":[{"href":"https:\/\/brindacm.com\/en\/wp-json\/wp\/v2\/pages\/49","targetHints":{"allow":["GET"]}}],"collection":[{"href":"https:\/\/brindacm.com\/en\/wp-json\/wp\/v2\/pages"}],"about":[{"href":"https:\/\/brindacm.com\/en\/wp-json\/wp\/v2\/types\/page"}],"author":[{"embeddable":true,"href":"https:\/\/brindacm.com\/en\/wp-json\/wp\/v2\/users\/1"}],"replies":[{"embeddable":true,"href":"https:\/\/brindacm.com\/en\/wp-json\/wp\/v2\/comments?post=49"}],"version-history":[{"count":2,"href":"https:\/\/brindacm.com\/en\/wp-json\/wp\/v2\/pages\/49\/revisions"}],"predecessor-version":[{"id":537,"href":"https:\/\/brindacm.com\/en\/wp-json\/wp\/v2\/pages\/49\/revisions\/537"}],"wp:attachment":[{"href":"https:\/\/brindacm.com\/en\/wp-json\/wp\/v2\/media?parent=49"}],"curies":[{"name":"wp","href":"https:\/\/api.w.org\/{rel}","templated":true}]}}