{"id":1048,"date":"2020-09-25T11:25:04","date_gmt":"2020-09-25T11:25:04","guid":{"rendered":"http:\/\/brindacm.com\/?page_id=1048"},"modified":"2020-09-28T16:04:00","modified_gmt":"2020-09-28T16:04:00","slug":"clientes","status":"publish","type":"page","link":"https:\/\/brindacm.com\/en\/clientes\/","title":{"rendered":"<a style=\"margin-left:-17px\" href=\"https:\/\/brindacm.com\/en\/clientes\">Clients<\/a>"},"content":{"rendered":"<div      class=\"vc_row wpb_row section vc_row-fluid  vc_custom_1601307482544 grid_section\" style=' text-align:left;'><div class=\"section_inner clearfix\"><div class='section_inner_margin clearfix'><div class=\"wpb_column vc_column_container vc_col-sm-12\"><div class=\"vc_column-inner\"><div class=\"wpb_wrapper\"><div class=\"vc_text_separator wpb_content_element full separator_align_center vigger\"><div style=''><span>WHAT EXPERTS SAY<\/span><\/div><\/div>\n<div class='testimonials_c_holder clearfix dark'><div class=\"testimonials_c testimonials_c_carousel\" data-show-navigation=\"yes\" data-animation-speed=\"\" data-auto-rotate-slides=\"15\" data-number-per-slide=\"1\"><ul class=\"slides\"><li id=\"testimonials-c-1121\" class=\"testimonial_content\"><div class=\"testimonial_content_inner\"><div class=\"testimonial_text_holder\"><div class=\"testimonial_text_inner\" style=\"\"><p style='font-size:25px;'>Much\u00edsimas gracias por este gran trabajo. La verdad es que ha quedado bien.<\/p><p class=\"testimonial_author\" style=\"font-size: 20px;\">Dra. Greys Zambrano Granella - M\u00e9dico Especialista en MFyC<\/p><\/div><\/div><\/div><\/li><li id=\"testimonials-c-1112\" class=\"testimonial_content\"><div class=\"testimonial_content_inner\"><div class=\"testimonial_text_holder\"><div class=\"testimonial_text_inner\" style=\"\"><p style='font-size:25px;'>Agradezco a la empresa <strong>Brinda HealthCare<\/strong> todo el soporte inform\u00e1tico y de gesti\u00f3n de la acreditaci\u00f3n para poder llevar a cabo esta Webinar sobre disfagia pedi\u00e1trica.<\/p><p class=\"testimonial_author\" style=\"font-size: 20px;\">Dra. Mar\u00eda del Carmen Rivero de la Rosa. Secci\u00f3n de Gastroenterolog\u00eda y Nutrici\u00f3n Pedi\u00e1trica. Hospital Universitario Virgen Macarena<\/p><\/div><\/div><\/div><\/li><li id=\"testimonials-c-1107\" class=\"testimonial_content\"><div class=\"testimonial_content_inner\"><div class=\"testimonial_text_holder\"><div class=\"testimonial_text_inner\" style=\"\"><p style='font-size:25px;'><small><strong>Retransmisi\u00f3n en directo para iberia: \"Insuficiencia Card\u00edaca. Horizonte 2020\"<\/strong><\/small><br><br>\r\n\"Una webinar fant\u00e1stica. La plataforma funcion\u00f3 de manera \u00f3ptima con una calidad t\u00e9cnica magn\u00edfica.\"<\/p><p class=\"testimonial_author\" style=\"font-size: 20px;\">Dr. Jos\u00e9 Ram\u00f3n Gonz\u00e1lez Juanatey. Jefe de Servicio y Catedr\u00e1tico de Cardiolog\u00eda. Hospital Cl\u00ednico Universitario de Santiago de Compostela<\/p><\/div><\/div><\/div><\/li><li id=\"testimonials-c-1056\" class=\"testimonial_content\"><div class=\"testimonial_content_inner\"><div class=\"testimonial_text_holder\"><div class=\"testimonial_text_inner\" style=\"\"><p style='font-size:25px;'>Congratulations to the entire team of Brinda. You have done a great job and I felt very comfortable with the presentation. The design of the slides was great and of course how the results of the study were presented.<\/p><p class=\"testimonial_author\" style=\"font-size: 20px;\">Dra. Pilar Llamas. Jefe de Servicio de Hematolog\u00eda y Hemoterapia. Hospital Universitario Fundaci\u00f3n Jim\u00e9nez D\u00edaz<\/p><\/div><\/div><\/div><\/li><li id=\"testimonials-c-1055\" class=\"testimonial_content\"><div class=\"testimonial_content_inner\"><div class=\"testimonial_text_holder\"><div class=\"testimonial_text_inner\" style=\"\"><p style='font-size:25px;'>Thank you for your great work and help.<\/p><p class=\"testimonial_author\" style=\"font-size: 20px;\">Dr. Carlos Fern\u00e1ndez-Viadero. Coordinador de Grupo de Expertos de la Sociedad Espa\u00f1ola de Geriatr\u00eda y Gerontolog\u00eda<\/p><\/div><\/div><\/div><\/li><li id=\"testimonials-c-1054\" class=\"testimonial_content\"><div class=\"testimonial_content_inner\"><div class=\"testimonial_text_holder\"><div class=\"testimonial_text_inner\" style=\"\"><p style='font-size:25px;'><strong><small>Reuni\u00f3n Virtual Grupo de Expertos. Secretar\u00eda Cient\u00edfica. Grabaci\u00f3n y Edici\u00f3n de V\u00eddeos de las ponencias. Revista Digital con contenido cient\u00edfico. Programaci\u00f3n Site de Proyecto.<\/strong><\/small>\r\n<br><br>\"...he visionado la reuni\u00f3n y creo que ha quedado perfecta. \u00a1\u00a1Mi enhorabuena!!\"<\/p><p class=\"testimonial_author\" style=\"font-size: 20px;\">Dr. Enrique Arriola. Coordinador del Grupo de Expertos de la Sociedad Espa\u00f1ola de Geriatr\u00eda y Gerontolog\u00eda<\/p><\/div><\/div><\/div><\/li><li id=\"testimonials-c-1053\" class=\"testimonial_content\"><div class=\"testimonial_content_inner\"><div class=\"testimonial_text_holder\"><div class=\"testimonial_text_inner\" style=\"\"><p style='font-size:25px;'>Dise\u00f1o de Encuesta, An\u00e1lisis Estad\u00edstico, Presentaci\u00f3n de Resultados y Redacci\u00f3n de Paper.\r\n\"\u00a1Excelente trabajo! \u00a1Enhorabuena!\"<\/p><p class=\"testimonial_author\" style=\"font-size: 20px;\">Dr. Miguel \u00c1ngel Calleja. Jefe de Servicio de Farmacia. Hospital Universitario Virgen Macarena<\/p><\/div><\/div><\/div><\/li><li id=\"testimonials-c-1051\" class=\"testimonial_content\"><div class=\"testimonial_content_inner\"><div class=\"testimonial_text_holder\"><div class=\"testimonial_text_inner\" style=\"\"><p style='font-size:25px;'>Los autores agradecen al staff de Brinda HealthCare su colaboraci\u00f3n en la preparaci\u00f3n y gesti\u00f3n de la encuesta, as\u00ed como en la elaboraci\u00f3n del manuscrito.<\/p><p class=\"testimonial_author\" style=\"font-size: 20px;\">Dr. Jes\u00fas Molina, Dr. Enrique Mascar\u00f3s, Dr. Daniel Oca\u00f1a, Dr. Pere Simonet - Publicaci\u00f3n de Estudio en Revista Cient\u00edfica<\/p><\/div><\/div><\/div><\/li><\/ul><\/div><\/div><\/div><\/div><\/div><\/div><\/div><\/div><div      class=\"vc_row wpb_row section vc_row-fluid  vc_custom_1601307965966\" style=' text-align:left;'><div class=\"full_section_inner clearfix\"><div class=\"wpb_column vc_column_container vc_col-sm-12\"><div class=\"vc_column-inner\"><div class=\"wpb_wrapper\">\n\t<div class=\"wpb_single_image wpb_content_element vc_align_center  element_from_fade\">\n\t\t<div class=\"wpb_wrapper\">\n\t\t\t\n\t\t\t<div class=\"vc_single_image-wrapper   vc_box_border_grey\"><img loading=\"lazy\" decoding=\"async\" width=\"659\" height=\"586\" src=\"https:\/\/brindacm.com\/wp-content\/uploads\/2020\/09\/logos.jpg\" class=\"vc_single_image-img attachment-full\" alt=\"\" srcset=\"https:\/\/brindacm.com\/wp-content\/uploads\/2020\/09\/logos.jpg 659w, https:\/\/brindacm.com\/wp-content\/uploads\/2020\/09\/logos-300x267.jpg 300w\" sizes=\"auto, (max-width: 659px) 100vw, 659px\" \/><\/div>\n\t\t<\/div>\n\t<\/div>\n<\/div><\/div><\/div><\/div><\/div>","protected":false},"excerpt":{"rendered":"","protected":false},"author":1,"featured_media":0,"parent":0,"menu_order":0,"comment_status":"closed","ping_status":"closed","template":"","meta":{"footnotes":""},"class_list":["post-1048","page","type-page","status-publish","hentry"],"_links":{"self":[{"href":"https:\/\/brindacm.com\/en\/wp-json\/wp\/v2\/pages\/1048","targetHints":{"allow":["GET"]}}],"collection":[{"href":"https:\/\/brindacm.com\/en\/wp-json\/wp\/v2\/pages"}],"about":[{"href":"https:\/\/brindacm.com\/en\/wp-json\/wp\/v2\/types\/page"}],"author":[{"embeddable":true,"href":"https:\/\/brindacm.com\/en\/wp-json\/wp\/v2\/users\/1"}],"replies":[{"embeddable":true,"href":"https:\/\/brindacm.com\/en\/wp-json\/wp\/v2\/comments?post=1048"}],"version-history":[{"count":17,"href":"https:\/\/brindacm.com\/en\/wp-json\/wp\/v2\/pages\/1048\/revisions"}],"predecessor-version":[{"id":1110,"href":"https:\/\/brindacm.com\/en\/wp-json\/wp\/v2\/pages\/1048\/revisions\/1110"}],"wp:attachment":[{"href":"https:\/\/brindacm.com\/en\/wp-json\/wp\/v2\/media?parent=1048"}],"curies":[{"name":"wp","href":"https:\/\/api.w.org\/{rel}","templated":true}]}}